{"id":93792,"date":"2024-06-12T14:45:12","date_gmt":"2024-06-12T12:45:12","guid":{"rendered":"https:\/\/wentilo.rotenso.com\/?page_id=93792"},"modified":"2024-12-13T09:33:24","modified_gmt":"2024-12-13T08:33:24","slug":"opcje-montazu","status":"publish","type":"page","link":"https:\/\/wentilo.rotenso.com\/pl\/opcje-montazu\/","title":{"rendered":"Opcje monta\u017cu"},"content":{"rendered":"\t\t<div data-elementor-type=\"wp-page\" data-elementor-id=\"93792\" class=\"elementor elementor-93792\" data-elementor-post-type=\"page\">\n\t\t\t\t<div class=\"elementor-element elementor-element-7f0a743c e-flex e-con-boxed e-con e-parent\" data-id=\"7f0a743c\" data-element_type=\"container\" data-settings=\"{&quot;background_background&quot;:&quot;classic&quot;}\">\n\t\t\t\t\t<div class=\"e-con-inner\">\n\t\t\t\t<div class=\"elementor-element elementor-element-dd03eaa elementor-widget elementor-widget-heading\" data-id=\"dd03eaa\" data-element_type=\"widget\" data-widget_type=\"heading.default\">\n\t\t\t\t<div class=\"elementor-widget-container\">\n\t\t\t\t\t<h4 class=\"elementor-heading-title elementor-size-default\">Opcje monta\u017cu<\/h4>\t\t\t\t<\/div>\n\t\t\t\t<\/div>\n\t\t\t\t<div class=\"elementor-element elementor-element-acc5efd elementor-widget elementor-widget-heading\" data-id=\"acc5efd\" data-element_type=\"widget\" data-widget_type=\"heading.default\">\n\t\t\t\t<div class=\"elementor-widget-container\">\n\t\t\t\t\t<h4 class=\"elementor-heading-title elementor-size-default\">PODWIESZANA I WISZ\u0104CA<\/h4>\t\t\t\t<\/div>\n\t\t\t\t<\/div>\n\t\t\t\t<div class=\"elementor-element elementor-element-4953dcca animated-slow elementor-widget elementor-widget-image\" data-id=\"4953dcca\" data-element_type=\"widget\" data-settings=\"{&quot;_animation&quot;:&quot;none&quot;}\" data-widget_type=\"image.default\">\n\t\t\t\t<div class=\"elementor-widget-container\">\n\t\t\t\t\t\t\t\t\t\t\t\t\t\t\t<img fetchpriority=\"high\" decoding=\"async\" width=\"1455\" height=\"630\" src=\"https:\/\/wentilo.rotenso.com\/wp-content\/uploads\/2024\/12\/Montaz-IC-podwieszana-i-wiszaca.webp\" class=\"attachment-full size-full wp-image-106915\" alt=\"\" srcset=\"https:\/\/wentilo.rotenso.com\/wp-content\/uploads\/2024\/12\/Montaz-IC-podwieszana-i-wiszaca.webp 1455w, https:\/\/wentilo.rotenso.com\/wp-content\/uploads\/2024\/12\/Montaz-IC-podwieszana-i-wiszaca-300x130.webp 300w, https:\/\/wentilo.rotenso.com\/wp-content\/uploads\/2024\/12\/Montaz-IC-podwieszana-i-wiszaca-1024x443.webp 1024w, https:\/\/wentilo.rotenso.com\/wp-content\/uploads\/2024\/12\/Montaz-IC-podwieszana-i-wiszaca-768x333.webp 768w, https:\/\/wentilo.rotenso.com\/wp-content\/uploads\/2024\/12\/Montaz-IC-podwieszana-i-wiszaca-200x87.webp 200w, https:\/\/wentilo.rotenso.com\/wp-content\/uploads\/2024\/12\/Montaz-IC-podwieszana-i-wiszaca-600x260.webp 600w\" sizes=\"(max-width: 1455px) 100vw, 1455px\" \/>\t\t\t\t\t\t\t\t\t\t\t\t\t\t\t<\/div>\n\t\t\t\t<\/div>\n\t\t\t\t<div class=\"elementor-element elementor-element-65b95245 elementor-widget__width-initial elementor-widget elementor-widget-image\" data-id=\"65b95245\" data-element_type=\"widget\" data-widget_type=\"image.default\">\n\t\t\t\t<div class=\"elementor-widget-container\">\n\t\t\t\t\t\t\t\t\t\t\t\t\t\t\t<img decoding=\"async\" width=\"528\" height=\"440\" src=\"https:\/\/wentilo.rotenso.com\/wp-content\/uploads\/2024\/12\/Montaz-sruby-GREY.webp\" class=\"attachment-full size-full wp-image-107663\" alt=\"\" srcset=\"https:\/\/wentilo.rotenso.com\/wp-content\/uploads\/2024\/12\/Montaz-sruby-GREY.webp 528w, https:\/\/wentilo.rotenso.com\/wp-content\/uploads\/2024\/12\/Montaz-sruby-GREY-300x250.webp 300w, https:\/\/wentilo.rotenso.com\/wp-content\/uploads\/2024\/12\/Montaz-sruby-GREY-200x167.webp 200w\" sizes=\"(max-width: 528px) 100vw, 528px\" \/>\t\t\t\t\t\t\t\t\t\t\t\t\t\t\t<\/div>\n\t\t\t\t<\/div>\n\t\t\t\t<div class=\"elementor-element elementor-element-f1c677c elementor-widget elementor-widget-heading\" data-id=\"f1c677c\" data-element_type=\"widget\" data-widget_type=\"heading.default\">\n\t\t\t\t<div class=\"elementor-widget-container\">\n\t\t\t\t\t<h4 class=\"elementor-heading-title elementor-size-default\">STOJ\u0104CA<\/h4>\t\t\t\t<\/div>\n\t\t\t\t<\/div>\n\t\t\t\t<div class=\"elementor-element elementor-element-44c2f076 animated-slow elementor-widget elementor-widget-image\" data-id=\"44c2f076\" data-element_type=\"widget\" data-settings=\"{&quot;_animation&quot;:&quot;none&quot;}\" data-widget_type=\"image.default\">\n\t\t\t\t<div class=\"elementor-widget-container\">\n\t\t\t\t\t\t\t\t\t\t\t\t\t\t\t<img decoding=\"async\" src=\"https:\/\/wentilo.rotenso.com\/wp-content\/uploads\/2024\/06\/Montaz-ICIS-Stojaca-1.png\" title=\"\" alt=\"\" loading=\"lazy\" \/>\t\t\t\t\t\t\t\t\t\t\t\t\t\t\t<\/div>\n\t\t\t\t<\/div>\n\t\t\t\t<div class=\"elementor-element elementor-element-fb59d24 elementor-widget__width-initial elementor-widget elementor-widget-image\" data-id=\"fb59d24\" data-element_type=\"widget\" data-widget_type=\"image.default\">\n\t\t\t\t<div class=\"elementor-widget-container\">\n\t\t\t\t\t\t\t\t\t\t\t\t\t\t\t<img decoding=\"async\" width=\"420\" height=\"420\" src=\"https:\/\/wentilo.rotenso.com\/wp-content\/uploads\/2024\/12\/Montaz-stopy-tylko-GREY.webp\" class=\"attachment-full size-full wp-image-107665\" alt=\"\" srcset=\"https:\/\/wentilo.rotenso.com\/wp-content\/uploads\/2024\/12\/Montaz-stopy-tylko-GREY.webp 420w, https:\/\/wentilo.rotenso.com\/wp-content\/uploads\/2024\/12\/Montaz-stopy-tylko-GREY-300x300.webp 300w, https:\/\/wentilo.rotenso.com\/wp-content\/uploads\/2024\/12\/Montaz-stopy-tylko-GREY-150x150.webp 150w, https:\/\/wentilo.rotenso.com\/wp-content\/uploads\/2024\/12\/Montaz-stopy-tylko-GREY-200x200.webp 200w, https:\/\/wentilo.rotenso.com\/wp-content\/uploads\/2024\/12\/Montaz-stopy-tylko-GREY-100x100.webp 100w\" sizes=\"(max-width: 420px) 100vw, 420px\" \/>\t\t\t\t\t\t\t\t\t\t\t\t\t\t\t<\/div>\n\t\t\t\t<\/div>\n\t\t\t\t\t<\/div>\n\t\t\t\t<\/div>\n\t\t<div class=\"elementor-element elementor-element-f55f98a e-flex e-con-boxed e-con e-parent\" data-id=\"f55f98a\" data-element_type=\"container\" data-settings=\"{&quot;background_background&quot;:&quot;classic&quot;}\">\n\t\t\t\t\t<div class=\"e-con-inner\">\n\t\t\t\t<div class=\"elementor-element elementor-element-b1255cf elementor-widget elementor-widget-heading\" data-id=\"b1255cf\" data-element_type=\"widget\" data-widget_type=\"heading.default\">\n\t\t\t\t<div class=\"elementor-widget-container\">\n\t\t\t\t\t<h4 class=\"elementor-heading-title elementor-size-default\">Opcje monta\u017cu<\/h4>\t\t\t\t<\/div>\n\t\t\t\t<\/div>\n\t\t\t\t<div class=\"elementor-element elementor-element-cd219fa elementor-widget elementor-widget-heading\" data-id=\"cd219fa\" data-element_type=\"widget\" data-widget_type=\"heading.default\">\n\t\t\t\t<div class=\"elementor-widget-container\">\n\t\t\t\t\t<h4 class=\"elementor-heading-title elementor-size-default\">PODWIESZANA I WISZ\u0104CA<\/h4>\t\t\t\t<\/div>\n\t\t\t\t<\/div>\n\t\t\t\t<div class=\"elementor-element elementor-element-376ae64 animated-slow elementor-widget elementor-widget-image\" data-id=\"376ae64\" data-element_type=\"widget\" data-settings=\"{&quot;_animation&quot;:&quot;none&quot;}\" data-widget_type=\"image.default\">\n\t\t\t\t<div class=\"elementor-widget-container\">\n\t\t\t\t\t\t\t\t\t\t\t\t\t\t\t<img loading=\"lazy\" decoding=\"async\" width=\"1349\" height=\"526\" src=\"https:\/\/wentilo.rotenso.com\/wp-content\/uploads\/2024\/12\/Montaz-IS-podwieszana-i-wiszaca.webp\" class=\"attachment-full size-full wp-image-106905\" alt=\"\" srcset=\"https:\/\/wentilo.rotenso.com\/wp-content\/uploads\/2024\/12\/Montaz-IS-podwieszana-i-wiszaca.webp 1349w, https:\/\/wentilo.rotenso.com\/wp-content\/uploads\/2024\/12\/Montaz-IS-podwieszana-i-wiszaca-300x117.webp 300w, https:\/\/wentilo.rotenso.com\/wp-content\/uploads\/2024\/12\/Montaz-IS-podwieszana-i-wiszaca-1024x399.webp 1024w, https:\/\/wentilo.rotenso.com\/wp-content\/uploads\/2024\/12\/Montaz-IS-podwieszana-i-wiszaca-768x299.webp 768w, https:\/\/wentilo.rotenso.com\/wp-content\/uploads\/2024\/12\/Montaz-IS-podwieszana-i-wiszaca-200x78.webp 200w, https:\/\/wentilo.rotenso.com\/wp-content\/uploads\/2024\/12\/Montaz-IS-podwieszana-i-wiszaca-600x234.webp 600w\" sizes=\"(max-width: 1349px) 100vw, 1349px\" \/>\t\t\t\t\t\t\t\t\t\t\t\t\t\t\t<\/div>\n\t\t\t\t<\/div>\n\t\t\t\t<div class=\"elementor-element elementor-element-f8cc556 elementor-widget__width-initial elementor-widget elementor-widget-image\" data-id=\"f8cc556\" data-element_type=\"widget\" data-widget_type=\"image.default\">\n\t\t\t\t<div class=\"elementor-widget-container\">\n\t\t\t\t\t\t\t\t\t\t\t\t\t\t\t<img decoding=\"async\" width=\"528\" height=\"440\" src=\"https:\/\/wentilo.rotenso.com\/wp-content\/uploads\/2024\/12\/Montaz-sruby-GREY.webp\" class=\"attachment-full size-full wp-image-107663\" alt=\"\" srcset=\"https:\/\/wentilo.rotenso.com\/wp-content\/uploads\/2024\/12\/Montaz-sruby-GREY.webp 528w, https:\/\/wentilo.rotenso.com\/wp-content\/uploads\/2024\/12\/Montaz-sruby-GREY-300x250.webp 300w, https:\/\/wentilo.rotenso.com\/wp-content\/uploads\/2024\/12\/Montaz-sruby-GREY-200x167.webp 200w\" sizes=\"(max-width: 528px) 100vw, 528px\" \/>\t\t\t\t\t\t\t\t\t\t\t\t\t\t\t<\/div>\n\t\t\t\t<\/div>\n\t\t\t\t<div class=\"elementor-element elementor-element-be63acb elementor-widget elementor-widget-heading\" data-id=\"be63acb\" data-element_type=\"widget\" data-widget_type=\"heading.default\">\n\t\t\t\t<div class=\"elementor-widget-container\">\n\t\t\t\t\t<h4 class=\"elementor-heading-title elementor-size-default\">STOJ\u0104CA<\/h4>\t\t\t\t<\/div>\n\t\t\t\t<\/div>\n\t\t\t\t<div class=\"elementor-element elementor-element-8733380 animated-slow elementor-widget elementor-widget-image\" data-id=\"8733380\" data-element_type=\"widget\" data-settings=\"{&quot;_animation&quot;:&quot;none&quot;}\" data-widget_type=\"image.default\">\n\t\t\t\t<div class=\"elementor-widget-container\">\n\t\t\t\t\t\t\t\t\t\t\t\t\t\t\t<img loading=\"lazy\" decoding=\"async\" width=\"862\" height=\"603\" src=\"https:\/\/wentilo.rotenso.com\/wp-content\/uploads\/2024\/09\/Montaz-IS-Stojaca.webp\" class=\"attachment-full size-full wp-image-102172\" alt=\"\" srcset=\"https:\/\/wentilo.rotenso.com\/wp-content\/uploads\/2024\/09\/Montaz-IS-Stojaca.webp 862w, https:\/\/wentilo.rotenso.com\/wp-content\/uploads\/2024\/09\/Montaz-IS-Stojaca-300x210.webp 300w, https:\/\/wentilo.rotenso.com\/wp-content\/uploads\/2024\/09\/Montaz-IS-Stojaca-768x537.webp 768w, https:\/\/wentilo.rotenso.com\/wp-content\/uploads\/2024\/09\/Montaz-IS-Stojaca-200x140.webp 200w, https:\/\/wentilo.rotenso.com\/wp-content\/uploads\/2024\/09\/Montaz-IS-Stojaca-600x420.webp 600w\" sizes=\"(max-width: 862px) 100vw, 862px\" \/>\t\t\t\t\t\t\t\t\t\t\t\t\t\t\t<\/div>\n\t\t\t\t<\/div>\n\t\t\t\t<div class=\"elementor-element elementor-element-b89d9f3 elementor-widget__width-initial elementor-widget elementor-widget-image\" data-id=\"b89d9f3\" data-element_type=\"widget\" data-widget_type=\"image.default\">\n\t\t\t\t<div class=\"elementor-widget-container\">\n\t\t\t\t\t\t\t\t\t\t\t\t\t\t\t<img decoding=\"async\" width=\"420\" height=\"420\" src=\"https:\/\/wentilo.rotenso.com\/wp-content\/uploads\/2024\/12\/Montaz-stopy-tylko-GREY.webp\" class=\"attachment-full size-full wp-image-107665\" alt=\"\" srcset=\"https:\/\/wentilo.rotenso.com\/wp-content\/uploads\/2024\/12\/Montaz-stopy-tylko-GREY.webp 420w, https:\/\/wentilo.rotenso.com\/wp-content\/uploads\/2024\/12\/Montaz-stopy-tylko-GREY-300x300.webp 300w, https:\/\/wentilo.rotenso.com\/wp-content\/uploads\/2024\/12\/Montaz-stopy-tylko-GREY-150x150.webp 150w, https:\/\/wentilo.rotenso.com\/wp-content\/uploads\/2024\/12\/Montaz-stopy-tylko-GREY-200x200.webp 200w, https:\/\/wentilo.rotenso.com\/wp-content\/uploads\/2024\/12\/Montaz-stopy-tylko-GREY-100x100.webp 100w\" sizes=\"(max-width: 420px) 100vw, 420px\" \/>\t\t\t\t\t\t\t\t\t\t\t\t\t\t\t<\/div>\n\t\t\t\t<\/div>\n\t\t\t\t\t<\/div>\n\t\t\t\t<\/div>\n\t\t<div class=\"elementor-element elementor-element-1e16326 e-flex e-con-boxed e-con e-parent\" data-id=\"1e16326\" data-element_type=\"container\" data-settings=\"{&quot;background_background&quot;:&quot;classic&quot;}\">\n\t\t\t\t\t<div class=\"e-con-inner\">\n\t\t\t\t<div class=\"elementor-element elementor-element-16f5d8b elementor-widget elementor-widget-heading\" data-id=\"16f5d8b\" data-element_type=\"widget\" data-widget_type=\"heading.default\">\n\t\t\t\t<div class=\"elementor-widget-container\">\n\t\t\t\t\t<h4 class=\"elementor-heading-title elementor-size-default\">Opcje monta\u017cu<\/h4>\t\t\t\t<\/div>\n\t\t\t\t<\/div>\n\t\t\t\t<div class=\"elementor-element elementor-element-53943e2 elementor-widget elementor-widget-heading\" data-id=\"53943e2\" data-element_type=\"widget\" data-widget_type=\"heading.default\">\n\t\t\t\t<div class=\"elementor-widget-container\">\n\t\t\t\t\t<h4 class=\"elementor-heading-title elementor-size-default\">WISZ\u0104CA<\/h4>\t\t\t\t<\/div>\n\t\t\t\t<\/div>\n\t\t\t\t<div class=\"elementor-element elementor-element-5a119cc animated-slow elementor-widget elementor-widget-image\" data-id=\"5a119cc\" data-element_type=\"widget\" data-settings=\"{&quot;_animation&quot;:&quot;none&quot;}\" data-widget_type=\"image.default\">\n\t\t\t\t<div class=\"elementor-widget-container\">\n\t\t\t\t\t\t\t\t\t\t\t\t\t\t\t<img loading=\"lazy\" decoding=\"async\" width=\"1620\" height=\"602\" src=\"https:\/\/wentilo.rotenso.com\/wp-content\/uploads\/2024\/12\/Montaz-IT-podwieszane.webp\" class=\"attachment-full size-full wp-image-106952\" alt=\"\" srcset=\"https:\/\/wentilo.rotenso.com\/wp-content\/uploads\/2024\/12\/Montaz-IT-podwieszane.webp 1620w, https:\/\/wentilo.rotenso.com\/wp-content\/uploads\/2024\/12\/Montaz-IT-podwieszane-300x111.webp 300w, https:\/\/wentilo.rotenso.com\/wp-content\/uploads\/2024\/12\/Montaz-IT-podwieszane-1024x381.webp 1024w, https:\/\/wentilo.rotenso.com\/wp-content\/uploads\/2024\/12\/Montaz-IT-podwieszane-768x285.webp 768w, https:\/\/wentilo.rotenso.com\/wp-content\/uploads\/2024\/12\/Montaz-IT-podwieszane-1536x571.webp 1536w, https:\/\/wentilo.rotenso.com\/wp-content\/uploads\/2024\/12\/Montaz-IT-podwieszane-200x74.webp 200w, https:\/\/wentilo.rotenso.com\/wp-content\/uploads\/2024\/12\/Montaz-IT-podwieszane-1568x583.webp 1568w, https:\/\/wentilo.rotenso.com\/wp-content\/uploads\/2024\/12\/Montaz-IT-podwieszane-600x223.webp 600w\" sizes=\"(max-width: 1620px) 100vw, 1620px\" \/>\t\t\t\t\t\t\t\t\t\t\t\t\t\t\t<\/div>\n\t\t\t\t<\/div>\n\t\t\t\t<div class=\"elementor-element elementor-element-a5b0cb1 elementor-widget__width-initial elementor-widget elementor-widget-image\" data-id=\"a5b0cb1\" data-element_type=\"widget\" data-widget_type=\"image.default\">\n\t\t\t\t<div class=\"elementor-widget-container\">\n\t\t\t\t\t\t\t\t\t\t\t\t\t\t\t<img loading=\"lazy\" decoding=\"async\" width=\"838\" height=\"440\" src=\"https:\/\/wentilo.rotenso.com\/wp-content\/uploads\/2024\/12\/Montaz-Blaszki-IT.webp\" class=\"attachment-full size-full wp-image-107743\" alt=\"\" srcset=\"https:\/\/wentilo.rotenso.com\/wp-content\/uploads\/2024\/12\/Montaz-Blaszki-IT.webp 838w, https:\/\/wentilo.rotenso.com\/wp-content\/uploads\/2024\/12\/Montaz-Blaszki-IT-300x158.webp 300w, https:\/\/wentilo.rotenso.com\/wp-content\/uploads\/2024\/12\/Montaz-Blaszki-IT-768x403.webp 768w, https:\/\/wentilo.rotenso.com\/wp-content\/uploads\/2024\/12\/Montaz-Blaszki-IT-200x105.webp 200w, https:\/\/wentilo.rotenso.com\/wp-content\/uploads\/2024\/12\/Montaz-Blaszki-IT-600x315.webp 600w\" sizes=\"(max-width: 838px) 100vw, 838px\" \/>\t\t\t\t\t\t\t\t\t\t\t\t\t\t\t<\/div>\n\t\t\t\t<\/div>\n\t\t\t\t<div class=\"elementor-element elementor-element-a7214e8 elementor-widget elementor-widget-heading\" data-id=\"a7214e8\" data-element_type=\"widget\" data-widget_type=\"heading.default\">\n\t\t\t\t<div class=\"elementor-widget-container\">\n\t\t\t\t\t<h4 class=\"elementor-heading-title elementor-size-default\">STOJ\u0104CA<\/h4>\t\t\t\t<\/div>\n\t\t\t\t<\/div>\n\t\t\t\t<div class=\"elementor-element elementor-element-0fd9fbb animated-slow elementor-widget elementor-widget-image\" data-id=\"0fd9fbb\" data-element_type=\"widget\" data-settings=\"{&quot;_animation&quot;:&quot;none&quot;}\" data-widget_type=\"image.default\">\n\t\t\t\t<div class=\"elementor-widget-container\">\n\t\t\t\t\t\t\t\t\t\t\t\t\t\t\t<img loading=\"lazy\" decoding=\"async\" width=\"1002\" height=\"401\" src=\"https:\/\/wentilo.rotenso.com\/wp-content\/uploads\/2024\/09\/Montaz-IT-Stojaca.webp\" class=\"attachment-full size-full wp-image-102194\" alt=\"\" srcset=\"https:\/\/wentilo.rotenso.com\/wp-content\/uploads\/2024\/09\/Montaz-IT-Stojaca.webp 1002w, https:\/\/wentilo.rotenso.com\/wp-content\/uploads\/2024\/09\/Montaz-IT-Stojaca-300x120.webp 300w, https:\/\/wentilo.rotenso.com\/wp-content\/uploads\/2024\/09\/Montaz-IT-Stojaca-768x307.webp 768w, https:\/\/wentilo.rotenso.com\/wp-content\/uploads\/2024\/09\/Montaz-IT-Stojaca-200x80.webp 200w, https:\/\/wentilo.rotenso.com\/wp-content\/uploads\/2024\/09\/Montaz-IT-Stojaca-600x240.webp 600w\" sizes=\"(max-width: 1002px) 100vw, 1002px\" \/>\t\t\t\t\t\t\t\t\t\t\t\t\t\t\t<\/div>\n\t\t\t\t<\/div>\n\t\t\t\t<div class=\"elementor-element elementor-element-6334c6c elementor-widget__width-initial elementor-widget elementor-widget-image\" data-id=\"6334c6c\" data-element_type=\"widget\" data-widget_type=\"image.default\">\n\t\t\t\t<div class=\"elementor-widget-container\">\n\t\t\t\t\t\t\t\t\t\t\t\t\t\t\t<img decoding=\"async\" width=\"420\" height=\"420\" src=\"https:\/\/wentilo.rotenso.com\/wp-content\/uploads\/2024\/12\/Montaz-stopy-tylko-GREY.webp\" class=\"attachment-full size-full wp-image-107665\" alt=\"\" srcset=\"https:\/\/wentilo.rotenso.com\/wp-content\/uploads\/2024\/12\/Montaz-stopy-tylko-GREY.webp 420w, https:\/\/wentilo.rotenso.com\/wp-content\/uploads\/2024\/12\/Montaz-stopy-tylko-GREY-300x300.webp 300w, https:\/\/wentilo.rotenso.com\/wp-content\/uploads\/2024\/12\/Montaz-stopy-tylko-GREY-150x150.webp 150w, https:\/\/wentilo.rotenso.com\/wp-content\/uploads\/2024\/12\/Montaz-stopy-tylko-GREY-200x200.webp 200w, https:\/\/wentilo.rotenso.com\/wp-content\/uploads\/2024\/12\/Montaz-stopy-tylko-GREY-100x100.webp 100w\" sizes=\"(max-width: 420px) 100vw, 420px\" \/>\t\t\t\t\t\t\t\t\t\t\t\t\t\t\t<\/div>\n\t\t\t\t<\/div>\n\t\t\t\t\t<\/div>\n\t\t\t\t<\/div>\n\t\t\t\t<\/div>\n\t\t","protected":false},"excerpt":{"rendered":"<p>Opcje monta\u017cu PODWIESZANA I WISZ\u0104CA Zestaw monta\u017cowy iPIN IC dla opcji podwieszanej i wisz\u0105cej sk\u0142ada si\u0119 z 4 \u015brub z kompletem ko\u0142k\u00f3w rozporowych. Elementy zestawu monta\u017cowego s\u0105 niewidoczne po zamontowaniu pokrywy dekoracyjnej. STOJ\u0104CA Zestaw monta\u017cowy iFOOT dla opcji stoj\u0105cej sk\u0142ada si\u0119 z 4 antywibracyjnych st\u00f3p z wbudowanym amortyzatorem o regulowanej wysoko\u015bci. Opcje monta\u017cu PODWIESZANA I [&hellip;]<\/p>\n","protected":false},"author":4,"featured_media":0,"parent":0,"menu_order":0,"comment_status":"closed","ping_status":"closed","template":"","meta":{"inline_featured_image":false,"footnotes":""},"class_list":["post-93792","page","type-page","status-publish","hentry"],"_links":{"self":[{"href":"https:\/\/wentilo.rotenso.com\/pl\/wp-json\/wp\/v2\/pages\/93792","targetHints":{"allow":["GET"]}}],"collection":[{"href":"https:\/\/wentilo.rotenso.com\/pl\/wp-json\/wp\/v2\/pages"}],"about":[{"href":"https:\/\/wentilo.rotenso.com\/pl\/wp-json\/wp\/v2\/types\/page"}],"author":[{"embeddable":true,"href":"https:\/\/wentilo.rotenso.com\/pl\/wp-json\/wp\/v2\/users\/4"}],"replies":[{"embeddable":true,"href":"https:\/\/wentilo.rotenso.com\/pl\/wp-json\/wp\/v2\/comments?post=93792"}],"version-history":[{"count":424,"href":"https:\/\/wentilo.rotenso.com\/pl\/wp-json\/wp\/v2\/pages\/93792\/revisions"}],"predecessor-version":[{"id":107794,"href":"https:\/\/wentilo.rotenso.com\/pl\/wp-json\/wp\/v2\/pages\/93792\/revisions\/107794"}],"wp:attachment":[{"href":"https:\/\/wentilo.rotenso.com\/pl\/wp-json\/wp\/v2\/media?parent=93792"}],"curies":[{"name":"wp","href":"https:\/\/api.w.org\/{rel}","templated":true}]}}